{"id":70,"date":"2025-03-24T20:55:45","date_gmt":"2025-03-24T20:55:45","guid":{"rendered":"https:\/\/cards3reich.dkonto.pl\/?page_id=70"},"modified":"2025-03-31T10:59:20","modified_gmt":"2025-03-31T10:59:20","slug":"cards-list-alphabetic","status":"publish","type":"page","link":"https:\/\/cards3reich.dkonto.pl\/index.php\/cards-list-alphabetic\/","title":{"rendered":"Alphabetical lists"},"content":{"rendered":"<div align=\"center\">\n<table style=\"border-collapse: collapse; table-layout: fixed; width: 700px;\">\n<tbody>\n<tr>\n<td>A-F<\/td>\n<td><a href=\"https:\/\/cards3reich.dkonto.pl\/index.php\/g-do-h\/\">G-H<\/a><\/td>\n<td><a href=\"https:\/\/cards3reich.dkonto.pl\/index.php\/j-m\/\">J-M<\/a><\/td>\n<td><a href=\"https:\/\/cards3reich.dkonto.pl\/index.php\/list-n-s\/\">N-S<\/a><\/td>\n<td><a href=\"https:\/\/cards3reich.dkonto.pl\/index.php\/list-t-w\/\">T-W<\/a><\/td>\n<td><a href=\"https:\/\/cards3reich.dkonto.pl\/index.php\/france-1940\/\">France 1940<\/a><\/td>\n<\/tr>\n<\/tbody>\n<\/table>\n<\/div>\n<div align=\"center\">\n<table style=\"border-collapse: collapse; table-layout: fixed; width: 700px;\">\n<caption>&nbsp;<\/caption>\n<tbody>\n<tr>\n<th style=\"width: 50px; text-align: center;\">Nr<\/th>\n<th style=\"text-align: center;\">Image<\/th>\n<\/tr>\n<tr>\n<td style=\"text-align: center;\">1<\/td>\n<td style=\"border: 1px solid white; padding: 5px;\"><a href=\"https:\/\/cards3reich.dkonto.pl\/wp-content\/gallery\/names-a-to-f-1-18\/01august_wilhelm1.gif\" target=\"_blank&quot;\" rel=\"noopener\">AUGUST WILHELM v. PREUSSEN Prinz, Photo-Hoffmann M\u00fcnchen, 9&#215;14<br \/>\n<\/a><\/td>\n<\/tr>\n<tr>\n<td style=\"text-align: center;\">2<\/td>\n<td style=\"border: 1px solid white; padding: 5px;\"><a href=\"https:\/\/cards3reich.dkonto.pl\/wp-content\/gallery\/names-a-to-f-1-18\/02august_wilhelm2.gif\" target=\"_blank&quot;\" rel=\"noopener\">AUGUST WILHELM v. PREUSSEN Prinz, Photo-Hoffmann M\u00fcnchen, 9&#215;14<br \/>\n<\/a><\/td>\n<\/tr>\n<tr>\n<td style=\"text-align: center;\">3<\/td>\n<td style=\"border: 1px solid white; padding: 5px;\"><a href=\"https:\/\/cards3reich.dkonto.pl\/wp-content\/gallery\/names-a-to-f-1-18\/03axmann.gif\" target=\"_blank&quot;\" rel=\"noopener\">AXMANN Artur,Photo-Hoffmann M\u00fcnchen, 9&#215;14 cm<\/a><\/td>\n<\/tr>\n<tr>\n<td style=\"text-align: center;\">4<\/td>\n<td style=\"border: 1px solid white; padding: 5px;\"><a href=\"https:\/\/cards3reich.dkonto.pl\/wp-content\/gallery\/names-a-to-f-1-18\/04baumbach.gif\" target=\"_blank&quot;\" rel=\"noopener\">BAUMBACH Werner, Photo-Hoffmann M\u00fcnchen, 9&#215;14 cm<\/a><\/td>\n<\/tr>\n<tr>\n<td style=\"text-align: center;\">5<\/td>\n<td style=\"border: 1px solid white; padding: 5px;\"><a href=\"https:\/\/cards3reich.dkonto.pl\/wp-content\/gallery\/names-a-to-f-1-18\/05blomberg.gif\" target=\"_blank&quot;\" rel=\"noopener\">BLOMBERG von, Werner, Photo-Hoffmann M\u00fcnchen, 9&#215;14 cm<\/a><\/td>\n<\/tr>\n<tr>\n<td style=\"text-align: center;\">6<\/td>\n<td style=\"border: 1px solid white; padding: 5px;\"><a href=\"https:\/\/cards3reich.dkonto.pl\/wp-content\/gallery\/names-a-to-f-1-18\/06bock1.gif\" target=\"_blank&quot;\" rel=\"noopener\">BOCK von, Fedor, Photo-Hoffmann M\u00fcnchen, 9&#215;14 cm<\/a><\/td>\n<\/tr>\n<tr>\n<td style=\"text-align: center;\">7<\/td>\n<td style=\"border: 1px solid white; padding: 5px;\"><a href=\"https:\/\/cards3reich.dkonto.pl\/wp-content\/gallery\/names-a-to-f-1-18\/07bock2.gif\" target=\"_blank&quot;\" rel=\"noopener\">BOCK von, Fedor, Ross Verlag Berlin, 10,5&#215;14,7 cm<\/a><\/td>\n<\/tr>\n<tr>\n<td style=\"text-align: center;\">8<\/td>\n<td style=\"border: 1px solid white; padding: 5px;\"><a href=\"https:\/\/cards3reich.dkonto.pl\/wp-content\/gallery\/names-a-to-f-1-18\/08brauchitsch.gif\" target=\"_blank&quot;\" rel=\"noopener\">BRAUCHITSCH von, Walther, Photo-Hoffmann M\u00fcnchen, 9&#215;14 cm<\/a><\/td>\n<\/tr>\n<tr>\n<td style=\"text-align: center;\">9<\/td>\n<td style=\"border: 1px solid white; padding: 5px;\"><a href=\"https:\/\/cards3reich.dkonto.pl\/wp-content\/gallery\/names-a-to-f-1-18\/09brinkforth.gif\" target=\"_blank&quot;\" rel=\"noopener\">BRINKFORTH Hubert, Photo-Hoffmann M\u00fcnchen, 9&#215;14 cm<\/a><\/td>\n<\/tr>\n<tr>\n<td style=\"text-align: center;\">10<\/td>\n<td style=\"border: 1px solid white; padding: 5px;\"><a href=\"https:\/\/cards3reich.dkonto.pl\/wp-content\/gallery\/names-a-to-f-1-18\/10christiansen.gif\" target=\"_blank&quot;\" rel=\"noopener\">CHRISTIANSEN Friedrich, Photo-Hoffmann M\u00fcnchen, 9&#215;14 cm<\/a><\/td>\n<\/tr>\n<tr>\n<td style=\"text-align: center;\">11<\/td>\n<td style=\"border: 1px solid white; padding: 5px;\"><a href=\"https:\/\/cards3reich.dkonto.pl\/wp-content\/gallery\/names-a-to-f-1-18\/11coburg.gif\" target=\"_blank&quot;\" rel=\"noopener\">COBURG-GOTHA von, Carl Eduard, Photo-Hoffmann M\u00fcnchen, 9&#215;14 cm<\/a><\/td>\n<\/tr>\n<tr>\n<td style=\"text-align: center;\">12<\/td>\n<td style=\"border: 1px solid white; padding: 5px;\"><a href=\"https:\/\/cards3reich.dkonto.pl\/wp-content\/gallery\/names-a-to-f-1-18\/12conti.gif\" target=\"_blank&quot;\" rel=\"noopener\">CONTI Leonardo, Photo-Hoffmann M\u00fcnchen, 9&#215;14 cm<\/a><\/td>\n<\/tr>\n<tr>\n<td style=\"text-align: center;\">13<\/td>\n<td style=\"border: 1px solid white; padding: 5px;\"><a href=\"https:\/\/cards3reich.dkonto.pl\/wp-content\/gallery\/names-a-to-f-1-18\/13daluege.gif\" target=\"_blank&quot;\" rel=\"noopener\">DA LUEGE Kurt, Photo-Hoffmann M\u00fcnchen, 9&#215;14 cm<\/a><\/td>\n<\/tr>\n<tr>\n<td style=\"text-align: center;\">14<\/td>\n<td style=\"border: 1px solid white; padding: 5px;\"><a href=\"https:\/\/cards3reich.dkonto.pl\/wp-content\/gallery\/names-a-to-f-1-18\/14dessloch.gif\" target=\"_blank&quot;\" rel=\"noopener\">DE\u00dfLOCH Otto, Photo-Hoffmann M\u00fcnchen, 9&#215;14 cm<\/a><\/td>\n<\/tr>\n<tr>\n<td style=\"text-align: center;\">15<\/td>\n<td style=\"border: 1px solid white; padding: 5px;\"><a href=\"https:\/\/cards3reich.dkonto.pl\/wp-content\/gallery\/names-a-to-f-1-18\/15dietl.gif\" target=\"_blank&quot;\" rel=\"noopener\">DIETL Eduard, Photo-Hoffmann M\u00fcnchen, 9&#215;14 cm<\/a><\/td>\n<\/tr>\n<tr>\n<td style=\"text-align: center;\">16<\/td>\n<td style=\"border: 1px solid white; padding: 5px;\"><a href=\"https:\/\/cards3reich.dkonto.pl\/wp-content\/gallery\/names-a-to-f-1-18\/16doenitz.gif\" target=\"_blank&quot;\" rel=\"noopener\">D\u00d6NITZ Karl, Photo-Hoffmann M\u00fcnchen, 9&#215;14 cm<\/a><\/td>\n<\/tr>\n<tr>\n<td style=\"text-align: center;\">17<\/td>\n<td style=\"border: 1px solid white; padding: 5px;\"><a href=\"https:\/\/cards3reich.dkonto.pl\/wp-content\/gallery\/names-a-to-f-1-18\/17epp.gif\" target=\"_blank&quot;\" rel=\"noopener\">EPP von, Franz Ritter, Photo-Hoffmann M\u00fcnchen, 9&#215;14 cm<\/a><\/td>\n<\/tr>\n<tr>\n<td style=\"text-align: center;\">18<\/td>\n<td style=\"border: 1px solid white; padding: 5px;\"><a href=\"https:\/\/cards3reich.dkonto.pl\/wp-content\/gallery\/names-a-to-f-1-18\/18frick.gif\" target=\"_blank&quot;\" rel=\"noopener\">FRICK Wilhelm, Photo-Hoffmann M\u00fcnchen, 9&#215;14 cm<\/a><\/td>\n<\/tr>\n<\/tbody>\n<\/table>\n<\/div>\n","protected":false},"excerpt":{"rendered":"<p>A-F G-H J-M N-S T-W France 1940 &nbsp; Nr Image 1 AUGUST WILHELM v. PREUSSEN Prinz, Photo-Hoffmann M\u00fcnchen, 9&#215;14 2 AUGUST WILHELM v. PREUSSEN Prinz, Photo-Hoffmann M\u00fcnchen, 9&#215;14 3 AXMANN Artur,Photo-Hoffmann M\u00fcnchen, 9&#215;14 cm 4 BAUMBACH Werner, Photo-Hoffmann M\u00fcnchen, 9&#215;14 cm 5 BLOMBERG von, Werner, Photo-Hoffmann M\u00fcnchen, 9&#215;14 cm 6 BOCK von, Fedor, Photo-Hoffmann M\u00fcnchen, &hellip; <\/p>\n<p class=\"link-more\"><a href=\"https:\/\/cards3reich.dkonto.pl\/index.php\/cards-list-alphabetic\/\" class=\"more-link\">Continue reading<span class=\"screen-reader-text\"> &#8220;Alphabetical lists&#8221;<\/span><\/a><\/p>\n","protected":false},"author":1,"featured_media":0,"parent":0,"menu_order":0,"comment_status":"closed","ping_status":"closed","template":"","meta":{"ngg_post_thumbnail":0,"footnotes":""},"class_list":["post-70","page","type-page","status-publish","hentry"],"_links":{"self":[{"href":"https:\/\/cards3reich.dkonto.pl\/index.php\/wp-json\/wp\/v2\/pages\/70","targetHints":{"allow":["GET"]}}],"collection":[{"href":"https:\/\/cards3reich.dkonto.pl\/index.php\/wp-json\/wp\/v2\/pages"}],"about":[{"href":"https:\/\/cards3reich.dkonto.pl\/index.php\/wp-json\/wp\/v2\/types\/page"}],"author":[{"embeddable":true,"href":"https:\/\/cards3reich.dkonto.pl\/index.php\/wp-json\/wp\/v2\/users\/1"}],"replies":[{"embeddable":true,"href":"https:\/\/cards3reich.dkonto.pl\/index.php\/wp-json\/wp\/v2\/comments?post=70"}],"version-history":[{"count":63,"href":"https:\/\/cards3reich.dkonto.pl\/index.php\/wp-json\/wp\/v2\/pages\/70\/revisions"}],"predecessor-version":[{"id":434,"href":"https:\/\/cards3reich.dkonto.pl\/index.php\/wp-json\/wp\/v2\/pages\/70\/revisions\/434"}],"wp:attachment":[{"href":"https:\/\/cards3reich.dkonto.pl\/index.php\/wp-json\/wp\/v2\/media?parent=70"}],"curies":[{"name":"wp","href":"https:\/\/api.w.org\/{rel}","templated":true}]}}