{"id":423,"date":"2025-03-31T10:45:38","date_gmt":"2025-03-31T10:45:38","guid":{"rendered":"https:\/\/cards3reich.dkonto.pl\/?page_id=423"},"modified":"2025-03-31T10:56:51","modified_gmt":"2025-03-31T10:56:51","slug":"france-1940","status":"publish","type":"page","link":"https:\/\/cards3reich.dkonto.pl\/index.php\/france-1940\/","title":{"rendered":"France 1940"},"content":{"rendered":"<div align=\"center\">\n<table style=\"border-collapse: collapse; table-layout: fixed; width: 700px;\">\n<tbody>\n<tr>\n<td><a href=\"https:\/\/cards3reich.dkonto.pl\/index.php\/cards-list-alphabetic\/\">A-F<\/a><\/td>\n<td><a href=\"https:\/\/cards3reich.dkonto.pl\/index.php\/g-do-h\/\">G-H<\/a><\/td>\n<td><a href=\"https:\/\/cards3reich.dkonto.pl\/index.php\/j-m\/\">J-M<\/a><\/td>\n<td><a href=\"https:\/\/cards3reich.dkonto.pl\/index.php\/list-n-s\/\">N-S<\/a><\/td>\n<td><a href=\"https:\/\/cards3reich.dkonto.pl\/index.php\/list-t-w\/\">T-W<\/a><\/td>\n<td>France 1940<\/td>\n<\/tr>\n<\/tbody>\n<\/table>\n<\/div>\n<div align=\"center\">\n<table style=\"border-collapse: collapse; table-layout: fixed; width: 700px;\">\n<caption>&nbsp;<\/caption>\n<tbody>\n<tr>\n<th style=\"width: 50px; text-align: center;\">Nr<\/th>\n<th style=\"text-align: center;\">Image<\/th>\n<\/tr>\n<tr>\n<td style=\"text-align: center;\">80<\/td>\n<td style=\"border: 1px solid white; padding: 5px;\"><a href=\"https:\/\/cards3reich.dkonto.pl\/wp-content\/gallery\/france-1940\/80CAMPAIGN_1940.gif\" target=\"_blank&quot;\" rel=\"noopener\">CAMPAIGN 1940, On historical ground, Photo-Hoffmann M\u00fcnchen, 10,5&#215;14,7 cm<\/a><\/td>\n<\/tr>\n<tr>\n<td style=\"text-align: center;\">81<\/td>\n<td style=\"border: 1px solid white; padding: 5px;\"><a href=\"https:\/\/cards3reich.dkonto.pl\/wp-content\/gallery\/france-1940\/81CAMPAIGN_1940.gif\" target=\"_blank&quot;\" rel=\"noopener\">CAMPAIGN 1940, The F\u00fchrer has arrived, Photo-Hoffmann M\u00fcnchen, 10,5&#215;14,7 cm<\/a><\/td>\n<\/tr>\n<tr>\n<td style=\"text-align: center;\">82<\/td>\n<td style=\"border: 1px solid white; padding: 5px;\"><a href=\"https:\/\/cards3reich.dkonto.pl\/wp-content\/gallery\/france-1940\/82CAMPAIGN_1940.gif\" target=\"_blank&quot;\" rel=\"noopener\">CAMPAIGN 1940, Gen. Huntzinger, ambassador Noel, Verlag Rob. R\u00f6hr, Magdeburg, 9&#215;14 cm<\/a><\/td>\n<\/tr>\n<tr>\n<td style=\"text-align: center;\">83<\/td>\n<td style=\"border: 1px solid white; padding: 5px;\"><a href=\"https:\/\/cards3reich.dkonto.pl\/wp-content\/gallery\/france-1940\/83CAMPAIGN_1940.gif\" target=\"_blank&quot;\" rel=\"noopener\">CAMPAIGN 1940, French delegation , Verlag Rob. R\u00f6hr, Magdeburg, 9&#215;14 cm<\/a><\/td>\n<\/tr>\n<tr>\n<td style=\"text-align: center;\">84<\/td>\n<td style=\"border: 1px solid white; padding: 5px;\"><a href=\"https:\/\/cards3reich.dkonto.pl\/wp-content\/gallery\/france-1940\/84CAMPAIGN_1940.gif\" target=\"_blank&quot;\" rel=\"noopener\">CAMPAIGN 1940, Keitel reads out the F\u00fchrer&#8217;s preamble, Photo-Hoffmann M\u00fcnchen, 10,5&#215;14,7 cm<\/a><\/td>\n<\/tr>\n<tr>\n<td style=\"text-align: center;\">85<\/td>\n<td style=\"border: 1px solid white; padding: 5px;\"><a href=\"https:\/\/cards3reich.dkonto.pl\/wp-content\/gallery\/france-1940\/85CAMPAIGN_1940.gif\" target=\"_blank&quot;\" rel=\"noopener\">CAMPAIGN 1940, French delegation , Photo-Hoffmann M\u00fcnchen, 10,5&#215;14,7 cm<\/a><\/td>\n<\/tr>\n<tr>\n<td style=\"text-align: center;\">86<\/td>\n<td style=\"border: 1px solid white; padding: 5px;\"><a href=\"https:\/\/cards3reich.dkonto.pl\/wp-content\/gallery\/france-1940\/86CAMPAIGN_1940.gif\" target=\"_blank&quot;\" rel=\"noopener\">CAMPAIGN 1940, Keitel signs terms of truce for Germany, Photo-Hoffmann M\u00fcnchen, 10,5&#215;14,7 cm<\/a><\/td>\n<\/tr>\n<tr>\n<td style=\"text-align: center;\">87<\/td>\n<td style=\"border: 1px solid white; padding: 5px;\"><a href=\"https:\/\/cards3reich.dkonto.pl\/wp-content\/gallery\/france-1940\/87CAMPAIGN_1940.gif\" target=\"_blank&quot;\" rel=\"noopener\">CAMPAIGN 1940, French sign terms of truce for France, Photo-Hoffmann M\u00fcnchen, 10,5&#215;14,7 cm<\/a><\/td>\n<\/tr>\n<tr>\n<td style=\"text-align: center;\">88<\/td>\n<td style=\"border: 1px solid white; padding: 5px;\"><a href=\"https:\/\/cards3reich.dkonto.pl\/wp-content\/gallery\/france-1940\/88CAMPAIGN_1940.gif\" target=\"_blank&quot;\" rel=\"noopener\">CAMPAIGN 1940, Establishing terms of truce in a historic railway carriage, Photo-Hoffmann M\u00fcnchen, 10,5&#215;14,7 cm<\/a><\/td>\n<\/tr>\n<\/tbody>\n<\/table>\n<\/div>\n","protected":false},"excerpt":{"rendered":"<p>A-F G-H J-M N-S T-W France 1940 &nbsp; Nr Image 80 CAMPAIGN 1940, On historical ground, Photo-Hoffmann M\u00fcnchen, 10,5&#215;14,7 cm 81 CAMPAIGN 1940, The F\u00fchrer has arrived, Photo-Hoffmann M\u00fcnchen, 10,5&#215;14,7 cm 82 CAMPAIGN 1940, Gen. Huntzinger, ambassador Noel, Verlag Rob. R\u00f6hr, Magdeburg, 9&#215;14 cm 83 CAMPAIGN 1940, French delegation , Verlag Rob. R\u00f6hr, Magdeburg, 9&#215;14 &hellip; <\/p>\n<p class=\"link-more\"><a href=\"https:\/\/cards3reich.dkonto.pl\/index.php\/france-1940\/\" class=\"more-link\">Continue reading<span class=\"screen-reader-text\"> &#8220;France 1940&#8221;<\/span><\/a><\/p>\n","protected":false},"author":1,"featured_media":0,"parent":0,"menu_order":0,"comment_status":"closed","ping_status":"closed","template":"","meta":{"ngg_post_thumbnail":0,"footnotes":""},"class_list":["post-423","page","type-page","status-publish","hentry"],"_links":{"self":[{"href":"https:\/\/cards3reich.dkonto.pl\/index.php\/wp-json\/wp\/v2\/pages\/423","targetHints":{"allow":["GET"]}}],"collection":[{"href":"https:\/\/cards3reich.dkonto.pl\/index.php\/wp-json\/wp\/v2\/pages"}],"about":[{"href":"https:\/\/cards3reich.dkonto.pl\/index.php\/wp-json\/wp\/v2\/types\/page"}],"author":[{"embeddable":true,"href":"https:\/\/cards3reich.dkonto.pl\/index.php\/wp-json\/wp\/v2\/users\/1"}],"replies":[{"embeddable":true,"href":"https:\/\/cards3reich.dkonto.pl\/index.php\/wp-json\/wp\/v2\/comments?post=423"}],"version-history":[{"count":6,"href":"https:\/\/cards3reich.dkonto.pl\/index.php\/wp-json\/wp\/v2\/pages\/423\/revisions"}],"predecessor-version":[{"id":429,"href":"https:\/\/cards3reich.dkonto.pl\/index.php\/wp-json\/wp\/v2\/pages\/423\/revisions\/429"}],"wp:attachment":[{"href":"https:\/\/cards3reich.dkonto.pl\/index.php\/wp-json\/wp\/v2\/media?parent=423"}],"curies":[{"name":"wp","href":"https:\/\/api.w.org\/{rel}","templated":true}]}}