{"id":358,"date":"2025-03-30T23:18:50","date_gmt":"2025-03-30T23:18:50","guid":{"rendered":"https:\/\/cards3reich.dkonto.pl\/?page_id=358"},"modified":"2025-03-31T10:58:58","modified_gmt":"2025-03-31T10:58:58","slug":"g-do-h","status":"publish","type":"page","link":"https:\/\/cards3reich.dkonto.pl\/index.php\/g-do-h\/","title":{"rendered":"List G-H"},"content":{"rendered":"<div align=\"center\">\n<table style=\"border-collapse: collapse; table-layout: fixed; width: 700px;\">\n<tbody>\n<tr>\n<td><a href=\"https:\/\/cards3reich.dkonto.pl\/index.php\/cards-list-alphabetic\/\">A-F<\/a><\/td>\n<td>G-H<\/td>\n<td><a href=\"https:\/\/cards3reich.dkonto.pl\/index.php\/j-m\/\">J-M<\/a><\/td>\n<td><a href=\"https:\/\/cards3reich.dkonto.pl\/index.php\/list-n-s\/\">N-S<\/a><\/td>\n<td><a href=\"https:\/\/cards3reich.dkonto.pl\/index.php\/list-t-w\/\">T-W<\/a><\/td>\n<td><a href=\"https:\/\/cards3reich.dkonto.pl\/index.php\/france-1940\/\">France 1940<\/a><\/td>\n<\/tr>\n<\/tbody>\n<\/table>\n<\/div>\n<div align=\"center\">\n<table style=\"border-collapse: collapse; table-layout: fixed; width: 700px;\">\n<caption>&nbsp;<\/caption>\n<tbody>\n<tr>\n<th style=\"width: 50px; text-align: center;\">Nr<\/th>\n<th style=\"text-align: center;\">Image<\/th>\n<\/tr>\n<tr>\n<td style=\"text-align: center;\">19<\/td>\n<td style=\"border: 1px solid white; padding: 5px;\"><a href=\"https:\/\/cards3reich.dkonto.pl\/wp-content\/gallery\/names-from-g-to-h-19-36\/19goebbels_1.gif\" target=\"_blank&quot;\" rel=\"noopener\">GOEBBELS Joseph, Echte Photographie, 8,8&#215;12,7 cm<\/a><\/td>\n<\/tr>\n<tr>\n<td style=\"text-align: center;\">20<\/td>\n<td style=\"border: 1px solid white; padding: 5px;\"><a href=\"https:\/\/cards3reich.dkonto.pl\/wp-content\/gallery\/names-from-g-to-h-19-36\/20goebbels_2.gif\" target=\"_blank&quot;\" rel=\"noopener\">GOEBBELS Joseph, Film Foto Verlag Berlin, 10,5&#215;14,8 cm<\/a><\/td>\n<\/tr>\n<tr>\n<td style=\"text-align: center;\">21<\/td>\n<td style=\"border: 1px solid white; padding: 5px;\"><a href=\"https:\/\/cards3reich.dkonto.pl\/wp-content\/gallery\/names-from-g-to-h-19-36\/21goebbels_3.gif\" target=\"_blank&quot;\" rel=\"noopener\">GOEBBELS with daughter and dog, Film Foto Verlag Berlin, 10,5&#215;14,8 cm<\/a><\/td>\n<\/tr>\n<tr>\n<td style=\"text-align: center;\">22<\/td>\n<td style=\"border: 1px solid white; padding: 5px;\"><a href=\"https:\/\/cards3reich.dkonto.pl\/wp-content\/gallery\/names-from-g-to-h-19-36\/22gollob.gif\" target=\"_blank&quot;\" rel=\"noopener\">GOLLOB Gordon, Photo-Hoffmann M\u00fcnchen, 9&#215;14 cm<\/a><\/td>\n<\/tr>\n<tr>\n<td style=\"text-align: center;\">23<\/td>\n<td style=\"border: 1px solid white; padding: 5px;\"><a href=\"https:\/\/cards3reich.dkonto.pl\/wp-content\/gallery\/names-from-g-to-h-19-36\/23goering1.gif\" target=\"_blank&quot;\" rel=\"noopener\">G\u00d6RING Hermann, Original-Photo u. Verlag R\u00f6hr, Magdeburg, 10,5&#215;15 cm<\/a><\/td>\n<\/tr>\n<tr>\n<td style=\"text-align: center;\">24<\/td>\n<td style=\"border: 1px solid white; padding: 5px;\"><a href=\"https:\/\/cards3reich.dkonto.pl\/wp-content\/gallery\/names-from-g-to-h-19-36\/24goering2.gif\" target=\"_blank&quot;\" rel=\"noopener\">G\u00d6RING Hermann, Echte Photographie, 9&#215;13 cm<\/a><\/td>\n<\/tr>\n<tr>\n<td style=\"text-align: center;\">25<\/td>\n<td style=\"border: 1px solid white; padding: 5px;\"><a href=\"https:\/\/cards3reich.dkonto.pl\/wp-content\/gallery\/names-from-g-to-h-19-36\/25goering3.gif\" target=\"_blank&quot;\" rel=\"noopener\">G\u00d6RING Hermann, Film Foto Verlag Berlin, 10,5&#215;14,8 cm<\/a><\/td>\n<\/tr>\n<tr>\n<td style=\"text-align: center;\">26<\/td>\n<td style=\"border: 1px solid white; padding: 5px;\"><a href=\"https:\/\/cards3reich.dkonto.pl\/wp-content\/gallery\/names-from-g-to-h-19-36\/26goering4.gif\" target=\"_blank&quot;\" rel=\"noopener\">G\u00d6RING Hermann, Photo-Hoffmann M\u00fcnchen, 9&#215;12,5 cm<\/a><\/td>\n<\/tr>\n<tr>\n<td style=\"text-align: center;\">27<\/td>\n<td style=\"border: 1px solid white; padding: 5px;\"><a href=\"https:\/\/cards3reich.dkonto.pl\/wp-content\/gallery\/names-from-g-to-h-19-36\/27goering5.gif\" target=\"_blank&quot;\" rel=\"noopener\">G\u00d6RING Hermann, Photo-Hoffmann M\u00fcnchen, 9&#215;14 cm<\/a><\/td>\n<\/tr>\n<tr>\n<td style=\"text-align: center;\">28<\/td>\n<td style=\"border: 1px solid white; padding: 5px;\"><a href=\"https:\/\/cards3reich.dkonto.pl\/wp-content\/gallery\/names-from-g-to-h-19-36\/28goering6.gif\" target=\"_blank&quot;\" rel=\"noopener\">G\u00d6RING with his wife and little daughter, Photo-Hoffmann M\u00fcnchen,10,3&#215;14,6 cm<\/a><\/td>\n<\/tr>\n<tr>\n<td style=\"text-align: center;\">29<\/td>\n<td style=\"border: 1px solid white; padding: 5px;\"><a href=\"https:\/\/cards3reich.dkonto.pl\/wp-content\/gallery\/names-from-g-to-h-19-36\/29grauert.gif\" target=\"_blank&quot;\" rel=\"noopener\">GRAUERT Urlich, Photo-Hoffmann M\u00fcnchen, 9&#215;14 cm<\/a><\/td>\n<\/tr>\n<tr>\n<td style=\"text-align: center;\">30<\/td>\n<td style=\"border: 1px solid white; padding: 5px;\"><a href=\"https:\/\/cards3reich.dkonto.pl\/wp-content\/gallery\/names-from-g-to-h-19-36\/30guderian.gif\" target=\"_blank&quot;\" rel=\"noopener\">GUDERIAN Heinz, Photo-Hoffmann M\u00fcnchen, 9&#215;14 cm<\/a><\/td>\n<\/tr>\n<tr>\n<td style=\"text-align: center;\">31<\/td>\n<td style=\"border: 1px solid white; padding: 5px;\"><a href=\"https:\/\/cards3reich.dkonto.pl\/wp-content\/gallery\/names-from-g-to-h-19-36\/31hahn.gif\" target=\"_blank&quot;\" rel=\"noopener\">HAHN Erich, Photo-Hoffmann M\u00fcnchen, 9&#215;14 cm<\/a><\/td>\n<\/tr>\n<tr>\n<td style=\"text-align: center;\">32<\/td>\n<td style=\"border: 1px solid white; padding: 5px;\"><a href=\"https:\/\/cards3reich.dkonto.pl\/wp-content\/gallery\/names-from-g-to-h-19-36\/32halder.gif\" target=\"_blank&quot;\" rel=\"noopener\">HALDER Franz, Ross Verlag, Berlin, 10,5 x 15 cm<\/a><\/td>\n<\/tr>\n<tr>\n<td style=\"text-align: center;\">33<\/td>\n<td style=\"border: 1px solid white; padding: 5px;\"><a href=\"https:\/\/cards3reich.dkonto.pl\/wp-content\/gallery\/names-from-g-to-h-19-36\/33hierl.gif\" target=\"_blank&quot;\" rel=\"noopener\">HIERL Konstantin, Photo-Hoffmann M\u00fcnchen, 9&#215;14 cm<\/a><\/td>\n<\/tr>\n<tr>\n<td style=\"text-align: center;\">34<\/td>\n<td style=\"border: 1px solid white; padding: 5px;\"><a href=\"https:\/\/cards3reich.dkonto.pl\/wp-content\/gallery\/names-from-g-to-h-19-36\/34hoth.gif\" target=\"_blank&quot;\" rel=\"noopener\">HOTH Hermann, Photo-Hoffmann M\u00fcnchen, 9&#215;14 cm<\/a><\/td>\n<\/tr>\n<tr>\n<td style=\"text-align: center;\">35<\/td>\n<td style=\"border: 1px solid white; padding: 5px;\"><a href=\"https:\/\/cards3reich.dkonto.pl\/wp-content\/gallery\/names-from-g-to-h-19-36\/35huehnlein1.gif\" target=\"_blank&quot;\" rel=\"noopener\">H\u00dcHNLEIN Adolf, Photo-Hoffmann M\u00fcnchen, 9&#215;14 cm<\/a><\/td>\n<\/tr>\n<tr>\n<td style=\"text-align: center;\">36<\/td>\n<td style=\"border: 1px solid white; padding: 5px;\"><a href=\"https:\/\/cards3reich.dkonto.pl\/wp-content\/gallery\/names-from-g-to-h-19-36\/36huehnlein2.gif\" target=\"_blank&quot;\" rel=\"noopener\">H\u00dcHNLEIN Adolf, Photo-Hoffmann M\u00fcnchen, 9&#215;14 cm<\/a><\/td>\n<\/tr>\n<\/tbody>\n<\/table>\n<\/div>\n","protected":false},"excerpt":{"rendered":"<p>A-F G-H J-M N-S T-W France 1940 &nbsp; Nr Image 19 GOEBBELS Joseph, Echte Photographie, 8,8&#215;12,7 cm 20 GOEBBELS Joseph, Film Foto Verlag Berlin, 10,5&#215;14,8 cm 21 GOEBBELS with daughter and dog, Film Foto Verlag Berlin, 10,5&#215;14,8 cm 22 GOLLOB Gordon, Photo-Hoffmann M\u00fcnchen, 9&#215;14 cm 23 G\u00d6RING Hermann, Original-Photo u. Verlag R\u00f6hr, Magdeburg, 10,5&#215;15 cm &hellip; <\/p>\n<p class=\"link-more\"><a href=\"https:\/\/cards3reich.dkonto.pl\/index.php\/g-do-h\/\" class=\"more-link\">Continue reading<span class=\"screen-reader-text\"> &#8220;List G-H&#8221;<\/span><\/a><\/p>\n","protected":false},"author":1,"featured_media":0,"parent":0,"menu_order":0,"comment_status":"closed","ping_status":"closed","template":"","meta":{"ngg_post_thumbnail":0,"footnotes":""},"class_list":["post-358","page","type-page","status-publish","hentry"],"_links":{"self":[{"href":"https:\/\/cards3reich.dkonto.pl\/index.php\/wp-json\/wp\/v2\/pages\/358","targetHints":{"allow":["GET"]}}],"collection":[{"href":"https:\/\/cards3reich.dkonto.pl\/index.php\/wp-json\/wp\/v2\/pages"}],"about":[{"href":"https:\/\/cards3reich.dkonto.pl\/index.php\/wp-json\/wp\/v2\/types\/page"}],"author":[{"embeddable":true,"href":"https:\/\/cards3reich.dkonto.pl\/index.php\/wp-json\/wp\/v2\/users\/1"}],"replies":[{"embeddable":true,"href":"https:\/\/cards3reich.dkonto.pl\/index.php\/wp-json\/wp\/v2\/comments?post=358"}],"version-history":[{"count":9,"href":"https:\/\/cards3reich.dkonto.pl\/index.php\/wp-json\/wp\/v2\/pages\/358\/revisions"}],"predecessor-version":[{"id":433,"href":"https:\/\/cards3reich.dkonto.pl\/index.php\/wp-json\/wp\/v2\/pages\/358\/revisions\/433"}],"wp:attachment":[{"href":"https:\/\/cards3reich.dkonto.pl\/index.php\/wp-json\/wp\/v2\/media?parent=358"}],"curies":[{"name":"wp","href":"https:\/\/api.w.org\/{rel}","templated":true}]}}